{"id":33052,"date":"2023-03-07T13:24:04","date_gmt":"2023-03-07T09:54:04","guid":{"rendered":"https:\/\/www.arionova.com\/real-estate\/"},"modified":"2023-12-10T11:21:20","modified_gmt":"2023-12-10T07:51:20","slug":"real-estate","status":"publish","type":"page","link":"https:\/\/www.arionova.com\/fa\/tr\/real-estate\/","title":{"rendered":"Gayrimenkul"},"content":{"rendered":"","protected":false},"excerpt":{"rendered":"","protected":false},"author":1,"featured_media":0,"parent":0,"menu_order":0,"comment_status":"closed","ping_status":"closed","template":"","meta":{"footnotes":""},"class_list":["post-33052","page","type-page","status-publish","hentry"],"yoast_head":"<!-- This site is optimized with the Yoast SEO plugin v23.1 - https:\/\/yoast.com\/wordpress\/plugins\/seo\/ -->\n<title>Gayrimenkul - Arionova<\/title>\n<meta name=\"description\" content=\"Resmi vize, g\u00f6\u00e7menlik, m\u00fclk sat\u0131n alma ve ikamet hizmetleri \u015firketi, \u0130spanya&#039;da kay\u0131tl\u0131, Barselona&#039;da ofisi\" \/>\n<meta name=\"robots\" content=\"index, follow, max-snippet:-1, max-image-preview:large, max-video-preview:-1\" \/>\n<link rel=\"canonical\" href=\"https:\/\/www.arionova.com\/fa\/tr\/real-estate\/\" \/>\n<meta property=\"og:locale\" content=\"tr_TR\" \/>\n<meta property=\"og:type\" content=\"article\" \/>\n<meta property=\"og:title\" content=\"Gayrimenkul - Arionova\" \/>\n<meta property=\"og:description\" content=\"Resmi vize, g\u00f6\u00e7menlik, m\u00fclk sat\u0131n alma ve ikamet hizmetleri \u015firketi, \u0130spanya&#039;da kay\u0131tl\u0131, Barselona&#039;da ofisi\" \/>\n<meta property=\"og:url\" content=\"https:\/\/www.arionova.com\/fa\/tr\/real-estate\/\" \/>\n<meta property=\"og:site_name\" content=\"Arionova\" \/>\n<meta property=\"article:modified_time\" content=\"2023-12-10T07:51:20+00:00\" \/>\n<meta property=\"og:image\" content=\"https:\/\/www.arionova.com\/wp-content\/uploads\/2023\/06\/arionova-logo-1200.png\" \/>\n\t<meta property=\"og:image:width\" content=\"1200\" \/>\n\t<meta property=\"og:image:height\" content=\"627\" \/>\n\t<meta property=\"og:image:type\" content=\"image\/png\" \/>\n<meta name=\"twitter:card\" content=\"summary_large_image\" \/>\n<meta name=\"twitter:site\" content=\"@arionova_es\" \/>\n<script type=\"application\/ld+json\" class=\"yoast-schema-graph\">{\"@context\":\"https:\/\/schema.org\",\"@graph\":[{\"@type\":\"WebPage\",\"@id\":\"https:\/\/www.arionova.com\/fa\/tr\/real-estate\/\",\"url\":\"https:\/\/www.arionova.com\/fa\/tr\/real-estate\/\",\"name\":\"Gayrimenkul - Arionova\",\"isPartOf\":{\"@id\":\"https:\/\/www.arionova.com\/fa\/tr\/#website\"},\"datePublished\":\"2023-03-07T09:54:04+00:00\",\"dateModified\":\"2023-12-10T07:51:20+00:00\",\"description\":\"Resmi vize, g\u00f6\u00e7menlik, m\u00fclk sat\u0131n alma ve ikamet hizmetleri \u015firketi, \u0130spanya'da kay\u0131tl\u0131, Barselona'da ofisi\",\"breadcrumb\":{\"@id\":\"https:\/\/www.arionova.com\/fa\/tr\/real-estate\/#breadcrumb\"},\"inLanguage\":\"tr\",\"potentialAction\":[{\"@type\":\"ReadAction\",\"target\":[\"https:\/\/www.arionova.com\/fa\/tr\/real-estate\/\"]}]},{\"@type\":\"BreadcrumbList\",\"@id\":\"https:\/\/www.arionova.com\/fa\/tr\/real-estate\/#breadcrumb\",\"itemListElement\":[{\"@type\":\"ListItem\",\"position\":1,\"name\":\"Home\",\"item\":\"https:\/\/www.arionova.com\/fa\/tr\/\"},{\"@type\":\"ListItem\",\"position\":2,\"name\":\"Gayrimenkul\"}]},{\"@type\":\"WebSite\",\"@id\":\"https:\/\/www.arionova.com\/fa\/tr\/#website\",\"url\":\"https:\/\/www.arionova.com\/fa\/tr\/\",\"name\":\"Arionova\",\"description\":\"Professional immigration and real estate services\",\"publisher\":{\"@id\":\"https:\/\/www.arionova.com\/fa\/tr\/#organization\"},\"potentialAction\":[{\"@type\":\"SearchAction\",\"target\":{\"@type\":\"EntryPoint\",\"urlTemplate\":\"https:\/\/www.arionova.com\/fa\/tr\/?s={search_term_string}\"},\"query-input\":\"required name=search_term_string\"}],\"inLanguage\":\"tr\"},{\"@type\":\"Organization\",\"@id\":\"https:\/\/www.arionova.com\/fa\/tr\/#organization\",\"name\":\"Arionova\",\"url\":\"https:\/\/www.arionova.com\/fa\/tr\/\",\"logo\":{\"@type\":\"ImageObject\",\"inLanguage\":\"tr\",\"@id\":\"https:\/\/www.arionova.com\/fa\/tr\/#\/schema\/logo\/image\/\",\"url\":\"https:\/\/www.arionova.com\/wp-content\/uploads\/2023\/06\/arionova-logo-1200.png\",\"contentUrl\":\"https:\/\/www.arionova.com\/wp-content\/uploads\/2023\/06\/arionova-logo-1200.png\",\"width\":1200,\"height\":627,\"caption\":\"Arionova\"},\"image\":{\"@id\":\"https:\/\/www.arionova.com\/fa\/tr\/#\/schema\/logo\/image\/\"},\"sameAs\":[\"https:\/\/x.com\/arionova_es\",\"https:\/\/www.instagram.com\/arionova.es\/\",\"https:\/\/wa.me\/34634837494\"]}]}<\/script>\n<!-- \/ Yoast SEO plugin. -->","yoast_head_json":{"title":"Gayrimenkul - Arionova","description":"Resmi vize, g\u00f6\u00e7menlik, m\u00fclk sat\u0131n alma ve ikamet hizmetleri \u015firketi, \u0130spanya'da kay\u0131tl\u0131, Barselona'da ofisi","robots":{"index":"index","follow":"follow","max-snippet":"max-snippet:-1","max-image-preview":"max-image-preview:large","max-video-preview":"max-video-preview:-1"},"canonical":"https:\/\/www.arionova.com\/fa\/tr\/real-estate\/","og_locale":"tr_TR","og_type":"article","og_title":"Gayrimenkul - Arionova","og_description":"Resmi vize, g\u00f6\u00e7menlik, m\u00fclk sat\u0131n alma ve ikamet hizmetleri \u015firketi, \u0130spanya'da kay\u0131tl\u0131, Barselona'da ofisi","og_url":"https:\/\/www.arionova.com\/fa\/tr\/real-estate\/","og_site_name":"Arionova","article_modified_time":"2023-12-10T07:51:20+00:00","og_image":[{"width":1200,"height":627,"url":"https:\/\/www.arionova.com\/wp-content\/uploads\/2023\/06\/arionova-logo-1200.png","type":"image\/png"}],"twitter_card":"summary_large_image","twitter_site":"@arionova_es","schema":{"@context":"https:\/\/schema.org","@graph":[{"@type":"WebPage","@id":"https:\/\/www.arionova.com\/fa\/tr\/real-estate\/","url":"https:\/\/www.arionova.com\/fa\/tr\/real-estate\/","name":"Gayrimenkul - Arionova","isPartOf":{"@id":"https:\/\/www.arionova.com\/fa\/tr\/#website"},"datePublished":"2023-03-07T09:54:04+00:00","dateModified":"2023-12-10T07:51:20+00:00","description":"Resmi vize, g\u00f6\u00e7menlik, m\u00fclk sat\u0131n alma ve ikamet hizmetleri \u015firketi, \u0130spanya'da kay\u0131tl\u0131, Barselona'da ofisi","breadcrumb":{"@id":"https:\/\/www.arionova.com\/fa\/tr\/real-estate\/#breadcrumb"},"inLanguage":"tr","potentialAction":[{"@type":"ReadAction","target":["https:\/\/www.arionova.com\/fa\/tr\/real-estate\/"]}]},{"@type":"BreadcrumbList","@id":"https:\/\/www.arionova.com\/fa\/tr\/real-estate\/#breadcrumb","itemListElement":[{"@type":"ListItem","position":1,"name":"Home","item":"https:\/\/www.arionova.com\/fa\/tr\/"},{"@type":"ListItem","position":2,"name":"Gayrimenkul"}]},{"@type":"WebSite","@id":"https:\/\/www.arionova.com\/fa\/tr\/#website","url":"https:\/\/www.arionova.com\/fa\/tr\/","name":"Arionova","description":"Professional immigration and real estate services","publisher":{"@id":"https:\/\/www.arionova.com\/fa\/tr\/#organization"},"potentialAction":[{"@type":"SearchAction","target":{"@type":"EntryPoint","urlTemplate":"https:\/\/www.arionova.com\/fa\/tr\/?s={search_term_string}"},"query-input":"required name=search_term_string"}],"inLanguage":"tr"},{"@type":"Organization","@id":"https:\/\/www.arionova.com\/fa\/tr\/#organization","name":"Arionova","url":"https:\/\/www.arionova.com\/fa\/tr\/","logo":{"@type":"ImageObject","inLanguage":"tr","@id":"https:\/\/www.arionova.com\/fa\/tr\/#\/schema\/logo\/image\/","url":"https:\/\/www.arionova.com\/wp-content\/uploads\/2023\/06\/arionova-logo-1200.png","contentUrl":"https:\/\/www.arionova.com\/wp-content\/uploads\/2023\/06\/arionova-logo-1200.png","width":1200,"height":627,"caption":"Arionova"},"image":{"@id":"https:\/\/www.arionova.com\/fa\/tr\/#\/schema\/logo\/image\/"},"sameAs":["https:\/\/x.com\/arionova_es","https:\/\/www.instagram.com\/arionova.es\/","https:\/\/wa.me\/34634837494"]}]}},"_links":{"self":[{"href":"https:\/\/www.arionova.com\/fa\/tr\/wp-json\/wp\/v2\/pages\/33052","targetHints":{"allow":["GET"]}}],"collection":[{"href":"https:\/\/www.arionova.com\/fa\/tr\/wp-json\/wp\/v2\/pages"}],"about":[{"href":"https:\/\/www.arionova.com\/fa\/tr\/wp-json\/wp\/v2\/types\/page"}],"author":[{"embeddable":true,"href":"https:\/\/www.arionova.com\/fa\/tr\/wp-json\/wp\/v2\/users\/1"}],"replies":[{"embeddable":true,"href":"https:\/\/www.arionova.com\/fa\/tr\/wp-json\/wp\/v2\/comments?post=33052"}],"version-history":[{"count":3,"href":"https:\/\/www.arionova.com\/fa\/tr\/wp-json\/wp\/v2\/pages\/33052\/revisions"}],"predecessor-version":[{"id":33491,"href":"https:\/\/www.arionova.com\/fa\/tr\/wp-json\/wp\/v2\/pages\/33052\/revisions\/33491"}],"wp:attachment":[{"href":"https:\/\/www.arionova.com\/fa\/tr\/wp-json\/wp\/v2\/media?parent=33052"}],"curies":[{"name":"wp","href":"https:\/\/api.w.org\/{rel}","templated":true}]}}