{"id":33046,"date":"2022-09-18T08:53:13","date_gmt":"2022-09-18T05:23:13","guid":{"rendered":"https:\/\/www.arionova.com\/contact\/"},"modified":"2025-10-03T18:42:52","modified_gmt":"2025-10-03T15:12:52","slug":"contact","status":"publish","type":"page","link":"https:\/\/www.arionova.com\/fa\/tr\/contact\/","title":{"rendered":"\u0130leti\u015fim"},"content":{"rendered":"","protected":false},"excerpt":{"rendered":"","protected":false},"author":1,"featured_media":0,"parent":0,"menu_order":0,"comment_status":"closed","ping_status":"closed","template":"","meta":{"footnotes":""},"class_list":["post-33046","page","type-page","status-publish","hentry"],"yoast_head":"<!-- This site is optimized with the Yoast SEO plugin v23.1 - https:\/\/yoast.com\/wordpress\/plugins\/seo\/ -->\n<title>\u0130leti\u015fim bilgileri - Arionova<\/title>\n<meta name=\"description\" content=\"Vize, g\u00f6\u00e7menlik, m\u00fclk sat\u0131n alma ve ikamet hizmetleri i\u00e7in resmi \u015firket, \u0130spanya&#039;da kay\u0131tl\u0131, Barselona&#039;da ofisi\" \/>\n<meta name=\"robots\" content=\"index, follow, max-snippet:-1, max-image-preview:large, max-video-preview:-1\" \/>\n<link rel=\"canonical\" href=\"https:\/\/www.arionova.com\/fa\/tr\/contact\/\" \/>\n<meta property=\"og:locale\" content=\"tr_TR\" \/>\n<meta property=\"og:type\" content=\"article\" \/>\n<meta property=\"og:title\" content=\"\u0130leti\u015fim bilgileri - Arionova\" \/>\n<meta property=\"og:description\" content=\"Vize, g\u00f6\u00e7menlik, m\u00fclk sat\u0131n alma ve ikamet hizmetleri i\u00e7in resmi \u015firket, \u0130spanya&#039;da kay\u0131tl\u0131, Barselona&#039;da ofisi\" \/>\n<meta property=\"og:url\" content=\"https:\/\/www.arionova.com\/fa\/tr\/contact\/\" \/>\n<meta property=\"og:site_name\" content=\"Arionova\" \/>\n<meta property=\"article:modified_time\" content=\"2025-10-03T15:12:52+00:00\" \/>\n<meta property=\"og:image\" content=\"https:\/\/www.arionova.com\/wp-content\/uploads\/2023\/06\/arionova-logo-1200.png\" \/>\n\t<meta property=\"og:image:width\" content=\"1200\" \/>\n\t<meta property=\"og:image:height\" content=\"627\" \/>\n\t<meta property=\"og:image:type\" content=\"image\/png\" \/>\n<meta name=\"twitter:card\" content=\"summary_large_image\" \/>\n<meta name=\"twitter:site\" content=\"@arionova_es\" \/>\n<script type=\"application\/ld+json\" class=\"yoast-schema-graph\">{\"@context\":\"https:\/\/schema.org\",\"@graph\":[{\"@type\":\"WebPage\",\"@id\":\"https:\/\/www.arionova.com\/fa\/tr\/contact\/\",\"url\":\"https:\/\/www.arionova.com\/fa\/tr\/contact\/\",\"name\":\"\u0130leti\u015fim bilgileri - Arionova\",\"isPartOf\":{\"@id\":\"https:\/\/www.arionova.com\/fa\/tr\/#website\"},\"datePublished\":\"2022-09-18T05:23:13+00:00\",\"dateModified\":\"2025-10-03T15:12:52+00:00\",\"description\":\"Vize, g\u00f6\u00e7menlik, m\u00fclk sat\u0131n alma ve ikamet hizmetleri i\u00e7in resmi \u015firket, \u0130spanya'da kay\u0131tl\u0131, Barselona'da ofisi\",\"breadcrumb\":{\"@id\":\"https:\/\/www.arionova.com\/fa\/tr\/contact\/#breadcrumb\"},\"inLanguage\":\"tr\",\"potentialAction\":[{\"@type\":\"ReadAction\",\"target\":[\"https:\/\/www.arionova.com\/fa\/tr\/contact\/\"]}]},{\"@type\":\"BreadcrumbList\",\"@id\":\"https:\/\/www.arionova.com\/fa\/tr\/contact\/#breadcrumb\",\"itemListElement\":[{\"@type\":\"ListItem\",\"position\":1,\"name\":\"Home\",\"item\":\"https:\/\/www.arionova.com\/fa\/tr\/\"},{\"@type\":\"ListItem\",\"position\":2,\"name\":\"\u0130leti\u015fim\"}]},{\"@type\":\"WebSite\",\"@id\":\"https:\/\/www.arionova.com\/fa\/tr\/#website\",\"url\":\"https:\/\/www.arionova.com\/fa\/tr\/\",\"name\":\"Arionova\",\"description\":\"Professional immigration and real estate services\",\"publisher\":{\"@id\":\"https:\/\/www.arionova.com\/fa\/tr\/#organization\"},\"potentialAction\":[{\"@type\":\"SearchAction\",\"target\":{\"@type\":\"EntryPoint\",\"urlTemplate\":\"https:\/\/www.arionova.com\/fa\/tr\/?s={search_term_string}\"},\"query-input\":\"required name=search_term_string\"}],\"inLanguage\":\"tr\"},{\"@type\":\"Organization\",\"@id\":\"https:\/\/www.arionova.com\/fa\/tr\/#organization\",\"name\":\"Arionova\",\"url\":\"https:\/\/www.arionova.com\/fa\/tr\/\",\"logo\":{\"@type\":\"ImageObject\",\"inLanguage\":\"tr\",\"@id\":\"https:\/\/www.arionova.com\/fa\/tr\/#\/schema\/logo\/image\/\",\"url\":\"https:\/\/www.arionova.com\/wp-content\/uploads\/2023\/06\/arionova-logo-1200.png\",\"contentUrl\":\"https:\/\/www.arionova.com\/wp-content\/uploads\/2023\/06\/arionova-logo-1200.png\",\"width\":1200,\"height\":627,\"caption\":\"Arionova\"},\"image\":{\"@id\":\"https:\/\/www.arionova.com\/fa\/tr\/#\/schema\/logo\/image\/\"},\"sameAs\":[\"https:\/\/x.com\/arionova_es\",\"https:\/\/www.instagram.com\/arionova.es\/\",\"https:\/\/wa.me\/34634837494\"]}]}<\/script>\n<!-- \/ Yoast SEO plugin. -->","yoast_head_json":{"title":"\u0130leti\u015fim bilgileri - Arionova","description":"Vize, g\u00f6\u00e7menlik, m\u00fclk sat\u0131n alma ve ikamet hizmetleri i\u00e7in resmi \u015firket, \u0130spanya'da kay\u0131tl\u0131, Barselona'da ofisi","robots":{"index":"index","follow":"follow","max-snippet":"max-snippet:-1","max-image-preview":"max-image-preview:large","max-video-preview":"max-video-preview:-1"},"canonical":"https:\/\/www.arionova.com\/fa\/tr\/contact\/","og_locale":"tr_TR","og_type":"article","og_title":"\u0130leti\u015fim bilgileri - Arionova","og_description":"Vize, g\u00f6\u00e7menlik, m\u00fclk sat\u0131n alma ve ikamet hizmetleri i\u00e7in resmi \u015firket, \u0130spanya'da kay\u0131tl\u0131, Barselona'da ofisi","og_url":"https:\/\/www.arionova.com\/fa\/tr\/contact\/","og_site_name":"Arionova","article_modified_time":"2025-10-03T15:12:52+00:00","og_image":[{"width":1200,"height":627,"url":"https:\/\/www.arionova.com\/wp-content\/uploads\/2023\/06\/arionova-logo-1200.png","type":"image\/png"}],"twitter_card":"summary_large_image","twitter_site":"@arionova_es","schema":{"@context":"https:\/\/schema.org","@graph":[{"@type":"WebPage","@id":"https:\/\/www.arionova.com\/fa\/tr\/contact\/","url":"https:\/\/www.arionova.com\/fa\/tr\/contact\/","name":"\u0130leti\u015fim bilgileri - Arionova","isPartOf":{"@id":"https:\/\/www.arionova.com\/fa\/tr\/#website"},"datePublished":"2022-09-18T05:23:13+00:00","dateModified":"2025-10-03T15:12:52+00:00","description":"Vize, g\u00f6\u00e7menlik, m\u00fclk sat\u0131n alma ve ikamet hizmetleri i\u00e7in resmi \u015firket, \u0130spanya'da kay\u0131tl\u0131, Barselona'da ofisi","breadcrumb":{"@id":"https:\/\/www.arionova.com\/fa\/tr\/contact\/#breadcrumb"},"inLanguage":"tr","potentialAction":[{"@type":"ReadAction","target":["https:\/\/www.arionova.com\/fa\/tr\/contact\/"]}]},{"@type":"BreadcrumbList","@id":"https:\/\/www.arionova.com\/fa\/tr\/contact\/#breadcrumb","itemListElement":[{"@type":"ListItem","position":1,"name":"Home","item":"https:\/\/www.arionova.com\/fa\/tr\/"},{"@type":"ListItem","position":2,"name":"\u0130leti\u015fim"}]},{"@type":"WebSite","@id":"https:\/\/www.arionova.com\/fa\/tr\/#website","url":"https:\/\/www.arionova.com\/fa\/tr\/","name":"Arionova","description":"Professional immigration and real estate services","publisher":{"@id":"https:\/\/www.arionova.com\/fa\/tr\/#organization"},"potentialAction":[{"@type":"SearchAction","target":{"@type":"EntryPoint","urlTemplate":"https:\/\/www.arionova.com\/fa\/tr\/?s={search_term_string}"},"query-input":"required name=search_term_string"}],"inLanguage":"tr"},{"@type":"Organization","@id":"https:\/\/www.arionova.com\/fa\/tr\/#organization","name":"Arionova","url":"https:\/\/www.arionova.com\/fa\/tr\/","logo":{"@type":"ImageObject","inLanguage":"tr","@id":"https:\/\/www.arionova.com\/fa\/tr\/#\/schema\/logo\/image\/","url":"https:\/\/www.arionova.com\/wp-content\/uploads\/2023\/06\/arionova-logo-1200.png","contentUrl":"https:\/\/www.arionova.com\/wp-content\/uploads\/2023\/06\/arionova-logo-1200.png","width":1200,"height":627,"caption":"Arionova"},"image":{"@id":"https:\/\/www.arionova.com\/fa\/tr\/#\/schema\/logo\/image\/"},"sameAs":["https:\/\/x.com\/arionova_es","https:\/\/www.instagram.com\/arionova.es\/","https:\/\/wa.me\/34634837494"]}]}},"_links":{"self":[{"href":"https:\/\/www.arionova.com\/fa\/tr\/wp-json\/wp\/v2\/pages\/33046","targetHints":{"allow":["GET"]}}],"collection":[{"href":"https:\/\/www.arionova.com\/fa\/tr\/wp-json\/wp\/v2\/pages"}],"about":[{"href":"https:\/\/www.arionova.com\/fa\/tr\/wp-json\/wp\/v2\/types\/page"}],"author":[{"embeddable":true,"href":"https:\/\/www.arionova.com\/fa\/tr\/wp-json\/wp\/v2\/users\/1"}],"replies":[{"embeddable":true,"href":"https:\/\/www.arionova.com\/fa\/tr\/wp-json\/wp\/v2\/comments?post=33046"}],"version-history":[{"count":3,"href":"https:\/\/www.arionova.com\/fa\/tr\/wp-json\/wp\/v2\/pages\/33046\/revisions"}],"predecessor-version":[{"id":33496,"href":"https:\/\/www.arionova.com\/fa\/tr\/wp-json\/wp\/v2\/pages\/33046\/revisions\/33496"}],"wp:attachment":[{"href":"https:\/\/www.arionova.com\/fa\/tr\/wp-json\/wp\/v2\/media?parent=33046"}],"curies":[{"name":"wp","href":"https:\/\/api.w.org\/{rel}","templated":true}]}}