{"id":33042,"date":"2020-09-29T14:53:13","date_gmt":"2020-09-29T11:23:13","guid":{"rendered":"https:\/\/www.arionova.com\/%d9%88%db%8c%d8%b2%d8%a7%d8%8c-%d9%85%d9%87%d8%a7%d8%ac%d8%b1%d8%aa%d8%8c-%d8%ab%d8%a8%d8%aa-%d8%b4%d8%b1%da%a9%d8%aa%d8%8c-%d8%ae%d8%b1%db%8c%d8%af-%d9%85%d9%84%da%a9-%d9%88-%d8%a7%d9%82%d8%a7%d9%85\/"},"modified":"2023-12-04T13:24:37","modified_gmt":"2023-12-04T09:54:37","slug":"%d9%88%db%8c%d8%b2%d8%a7%d8%8c-%d9%85%d9%87%d8%a7%d8%ac%d8%b1%d8%aa%d8%8c-%d8%ab%d8%a8%d8%aa-%d8%b4%d8%b1%da%a9%d8%aa%d8%8c-%d8%ae%d8%b1%db%8c%d8%af-%d9%85%d9%84%da%a9-%d9%88-%d8%a7%d9%82%d8%a7%d9%85","status":"publish","type":"page","link":"https:\/\/www.arionova.com\/fa\/tr\/","title":{"rendered":"Ana Sayfa"},"content":{"rendered":"","protected":false},"excerpt":{"rendered":"","protected":false},"author":1,"featured_media":0,"parent":0,"menu_order":0,"comment_status":"closed","ping_status":"open","template":"","meta":{"footnotes":""},"class_list":["post-33042","page","type-page","status-publish","hentry"],"yoast_head":"<!-- This site is optimized with the Yoast SEO plugin v23.1 - https:\/\/yoast.com\/wordpress\/plugins\/seo\/ -->\n<title>Arionova - \u0130spanya&#039;da vize, g\u00f6\u00e7menlik, m\u00fclk sat\u0131n alma ve ikamet<\/title>\n<meta name=\"description\" content=\"\u0130spanya&#039;da kay\u0131tl\u0131 resmi \u015firket, Barselona&#039;da ofis, \u00fccretsiz dan\u0131\u015fmanl\u0131k\" \/>\n<meta name=\"robots\" content=\"index, follow, max-snippet:-1, max-image-preview:large, max-video-preview:-1\" \/>\n<link rel=\"canonical\" href=\"https:\/\/www.arionova.com\/fa\/tr\/\" \/>\n<meta property=\"og:locale\" content=\"tr_TR\" \/>\n<meta property=\"og:type\" content=\"article\" \/>\n<meta property=\"og:title\" content=\"Arionova - \u0130spanya&#039;da vize, g\u00f6\u00e7menlik, m\u00fclk sat\u0131n alma ve ikamet\" \/>\n<meta property=\"og:description\" content=\"\u0130spanya&#039;da kay\u0131tl\u0131 resmi \u015firket, Barselona&#039;da ofis, \u00fccretsiz dan\u0131\u015fmanl\u0131k\" \/>\n<meta property=\"og:url\" content=\"https:\/\/www.arionova.com\/fa\/tr\/\" \/>\n<meta property=\"og:site_name\" content=\"Arionova\" \/>\n<meta property=\"article:modified_time\" content=\"2023-12-04T09:54:37+00:00\" \/>\n<meta property=\"og:image\" content=\"https:\/\/www.arionova.com\/wp-content\/uploads\/2023\/06\/arionova-logo-1200.png\" \/>\n\t<meta property=\"og:image:width\" content=\"1200\" \/>\n\t<meta property=\"og:image:height\" content=\"627\" \/>\n\t<meta property=\"og:image:type\" content=\"image\/png\" \/>\n<meta name=\"twitter:card\" content=\"summary_large_image\" \/>\n<meta name=\"twitter:site\" content=\"@arionova_es\" \/>\n<script type=\"application\/ld+json\" class=\"yoast-schema-graph\">{\"@context\":\"https:\/\/schema.org\",\"@graph\":[{\"@type\":\"WebPage\",\"@id\":\"https:\/\/www.arionova.com\/fa\/tr\/\",\"url\":\"https:\/\/www.arionova.com\/fa\/tr\/\",\"name\":\"Arionova - \u0130spanya'da vize, g\u00f6\u00e7menlik, m\u00fclk sat\u0131n alma ve ikamet\",\"isPartOf\":{\"@id\":\"https:\/\/www.arionova.com\/fa\/tr\/#website\"},\"datePublished\":\"2020-09-29T11:23:13+00:00\",\"dateModified\":\"2023-12-04T09:54:37+00:00\",\"description\":\"\u0130spanya'da kay\u0131tl\u0131 resmi \u015firket, Barselona'da ofis, \u00fccretsiz dan\u0131\u015fmanl\u0131k\",\"breadcrumb\":{\"@id\":\"https:\/\/www.arionova.com\/fa\/tr\/#breadcrumb\"},\"inLanguage\":\"tr\",\"potentialAction\":[{\"@type\":\"ReadAction\",\"target\":[\"https:\/\/www.arionova.com\/fa\/tr\/\"]}]},{\"@type\":\"BreadcrumbList\",\"@id\":\"https:\/\/www.arionova.com\/fa\/tr\/#breadcrumb\",\"itemListElement\":[{\"@type\":\"ListItem\",\"position\":1,\"name\":\"Home\",\"item\":\"https:\/\/www.arionova.com\/fa\/tr\/\"},{\"@type\":\"ListItem\",\"position\":2,\"name\":\"Ana Sayfa\"}]},{\"@type\":\"WebSite\",\"@id\":\"https:\/\/www.arionova.com\/fa\/tr\/#website\",\"url\":\"https:\/\/www.arionova.com\/fa\/tr\/\",\"name\":\"Arionova\",\"description\":\"Professional immigration and real estate services\",\"publisher\":{\"@id\":\"https:\/\/www.arionova.com\/fa\/tr\/#organization\"},\"potentialAction\":[{\"@type\":\"SearchAction\",\"target\":{\"@type\":\"EntryPoint\",\"urlTemplate\":\"https:\/\/www.arionova.com\/fa\/tr\/?s={search_term_string}\"},\"query-input\":\"required name=search_term_string\"}],\"inLanguage\":\"tr\"},{\"@type\":\"Organization\",\"@id\":\"https:\/\/www.arionova.com\/fa\/tr\/#organization\",\"name\":\"Arionova\",\"url\":\"https:\/\/www.arionova.com\/fa\/tr\/\",\"logo\":{\"@type\":\"ImageObject\",\"inLanguage\":\"tr\",\"@id\":\"https:\/\/www.arionova.com\/fa\/tr\/#\/schema\/logo\/image\/\",\"url\":\"https:\/\/www.arionova.com\/wp-content\/uploads\/2023\/06\/arionova-logo-1200.png\",\"contentUrl\":\"https:\/\/www.arionova.com\/wp-content\/uploads\/2023\/06\/arionova-logo-1200.png\",\"width\":1200,\"height\":627,\"caption\":\"Arionova\"},\"image\":{\"@id\":\"https:\/\/www.arionova.com\/fa\/tr\/#\/schema\/logo\/image\/\"},\"sameAs\":[\"https:\/\/x.com\/arionova_es\",\"https:\/\/www.instagram.com\/arionova.es\/\",\"https:\/\/wa.me\/34634837494\"]}]}<\/script>\n<!-- \/ Yoast SEO plugin. -->","yoast_head_json":{"title":"Arionova - \u0130spanya'da vize, g\u00f6\u00e7menlik, m\u00fclk sat\u0131n alma ve ikamet","description":"\u0130spanya'da kay\u0131tl\u0131 resmi \u015firket, Barselona'da ofis, \u00fccretsiz dan\u0131\u015fmanl\u0131k","robots":{"index":"index","follow":"follow","max-snippet":"max-snippet:-1","max-image-preview":"max-image-preview:large","max-video-preview":"max-video-preview:-1"},"canonical":"https:\/\/www.arionova.com\/fa\/tr\/","og_locale":"tr_TR","og_type":"article","og_title":"Arionova - \u0130spanya'da vize, g\u00f6\u00e7menlik, m\u00fclk sat\u0131n alma ve ikamet","og_description":"\u0130spanya'da kay\u0131tl\u0131 resmi \u015firket, Barselona'da ofis, \u00fccretsiz dan\u0131\u015fmanl\u0131k","og_url":"https:\/\/www.arionova.com\/fa\/tr\/","og_site_name":"Arionova","article_modified_time":"2023-12-04T09:54:37+00:00","og_image":[{"width":1200,"height":627,"url":"https:\/\/www.arionova.com\/wp-content\/uploads\/2023\/06\/arionova-logo-1200.png","type":"image\/png"}],"twitter_card":"summary_large_image","twitter_site":"@arionova_es","schema":{"@context":"https:\/\/schema.org","@graph":[{"@type":"WebPage","@id":"https:\/\/www.arionova.com\/fa\/tr\/","url":"https:\/\/www.arionova.com\/fa\/tr\/","name":"Arionova - \u0130spanya'da vize, g\u00f6\u00e7menlik, m\u00fclk sat\u0131n alma ve ikamet","isPartOf":{"@id":"https:\/\/www.arionova.com\/fa\/tr\/#website"},"datePublished":"2020-09-29T11:23:13+00:00","dateModified":"2023-12-04T09:54:37+00:00","description":"\u0130spanya'da kay\u0131tl\u0131 resmi \u015firket, Barselona'da ofis, \u00fccretsiz dan\u0131\u015fmanl\u0131k","breadcrumb":{"@id":"https:\/\/www.arionova.com\/fa\/tr\/#breadcrumb"},"inLanguage":"tr","potentialAction":[{"@type":"ReadAction","target":["https:\/\/www.arionova.com\/fa\/tr\/"]}]},{"@type":"BreadcrumbList","@id":"https:\/\/www.arionova.com\/fa\/tr\/#breadcrumb","itemListElement":[{"@type":"ListItem","position":1,"name":"Home","item":"https:\/\/www.arionova.com\/fa\/tr\/"},{"@type":"ListItem","position":2,"name":"Ana Sayfa"}]},{"@type":"WebSite","@id":"https:\/\/www.arionova.com\/fa\/tr\/#website","url":"https:\/\/www.arionova.com\/fa\/tr\/","name":"Arionova","description":"Professional immigration and real estate services","publisher":{"@id":"https:\/\/www.arionova.com\/fa\/tr\/#organization"},"potentialAction":[{"@type":"SearchAction","target":{"@type":"EntryPoint","urlTemplate":"https:\/\/www.arionova.com\/fa\/tr\/?s={search_term_string}"},"query-input":"required name=search_term_string"}],"inLanguage":"tr"},{"@type":"Organization","@id":"https:\/\/www.arionova.com\/fa\/tr\/#organization","name":"Arionova","url":"https:\/\/www.arionova.com\/fa\/tr\/","logo":{"@type":"ImageObject","inLanguage":"tr","@id":"https:\/\/www.arionova.com\/fa\/tr\/#\/schema\/logo\/image\/","url":"https:\/\/www.arionova.com\/wp-content\/uploads\/2023\/06\/arionova-logo-1200.png","contentUrl":"https:\/\/www.arionova.com\/wp-content\/uploads\/2023\/06\/arionova-logo-1200.png","width":1200,"height":627,"caption":"Arionova"},"image":{"@id":"https:\/\/www.arionova.com\/fa\/tr\/#\/schema\/logo\/image\/"},"sameAs":["https:\/\/x.com\/arionova_es","https:\/\/www.instagram.com\/arionova.es\/","https:\/\/wa.me\/34634837494"]}]}},"_links":{"self":[{"href":"https:\/\/www.arionova.com\/fa\/tr\/wp-json\/wp\/v2\/pages\/33042","targetHints":{"allow":["GET"]}}],"collection":[{"href":"https:\/\/www.arionova.com\/fa\/tr\/wp-json\/wp\/v2\/pages"}],"about":[{"href":"https:\/\/www.arionova.com\/fa\/tr\/wp-json\/wp\/v2\/types\/page"}],"author":[{"embeddable":true,"href":"https:\/\/www.arionova.com\/fa\/tr\/wp-json\/wp\/v2\/users\/1"}],"replies":[{"embeddable":true,"href":"https:\/\/www.arionova.com\/fa\/tr\/wp-json\/wp\/v2\/comments?post=33042"}],"version-history":[{"count":3,"href":"https:\/\/www.arionova.com\/fa\/tr\/wp-json\/wp\/v2\/pages\/33042\/revisions"}],"predecessor-version":[{"id":33087,"href":"https:\/\/www.arionova.com\/fa\/tr\/wp-json\/wp\/v2\/pages\/33042\/revisions\/33087"}],"wp:attachment":[{"href":"https:\/\/www.arionova.com\/fa\/tr\/wp-json\/wp\/v2\/media?parent=33042"}],"curies":[{"name":"wp","href":"https:\/\/api.w.org\/{rel}","templated":true}]}}