{"id":32669,"date":"2022-09-18T08:53:13","date_gmt":"2022-09-18T05:23:13","guid":{"rendered":"https:\/\/www.arionova.com\/contact-2\/"},"modified":"2025-10-03T18:42:08","modified_gmt":"2025-10-03T15:12:08","slug":"contacta-con-nosotras","status":"publish","type":"page","link":"https:\/\/www.arionova.com\/fa\/es\/contacta-con-nosotras\/","title":{"rendered":"Contacta con nosotras"},"content":{"rendered":"","protected":false},"excerpt":{"rendered":"","protected":false},"author":1,"featured_media":0,"parent":0,"menu_order":0,"comment_status":"closed","ping_status":"closed","template":"","meta":{"footnotes":""},"class_list":["post-32669","page","type-page","status-publish","hentry"],"yoast_head":"<!-- This site is optimized with the Yoast SEO plugin v23.1 - https:\/\/yoast.com\/wordpress\/plugins\/seo\/ -->\n<title>Informaci\u00f3n de contacto - Arionova<\/title>\n<meta name=\"description\" content=\"Empresa oficial para servicios de visa, inmigraci\u00f3n, compra de propiedades y residencia, registrada en Espa\u00f1a, con oficina en Barcelona\" \/>\n<meta name=\"robots\" content=\"index, follow, max-snippet:-1, max-image-preview:large, max-video-preview:-1\" \/>\n<link rel=\"canonical\" href=\"https:\/\/www.arionova.com\/fa\/es\/contacta-con-nosotras\/\" \/>\n<meta property=\"og:locale\" content=\"es_ES\" \/>\n<meta property=\"og:type\" content=\"article\" \/>\n<meta property=\"og:title\" content=\"Informaci\u00f3n de contacto - Arionova\" \/>\n<meta property=\"og:description\" content=\"Empresa oficial para servicios de visa, inmigraci\u00f3n, compra de propiedades y residencia, registrada en Espa\u00f1a, con oficina en Barcelona\" \/>\n<meta property=\"og:url\" content=\"https:\/\/www.arionova.com\/fa\/es\/contacta-con-nosotras\/\" \/>\n<meta property=\"og:site_name\" content=\"Arionova\" \/>\n<meta property=\"article:modified_time\" content=\"2025-10-03T15:12:08+00:00\" \/>\n<meta property=\"og:image\" content=\"https:\/\/www.arionova.com\/wp-content\/uploads\/2023\/06\/arionova-logo-1200.png\" \/>\n\t<meta property=\"og:image:width\" content=\"1200\" \/>\n\t<meta property=\"og:image:height\" content=\"627\" \/>\n\t<meta property=\"og:image:type\" content=\"image\/png\" \/>\n<meta name=\"twitter:card\" content=\"summary_large_image\" \/>\n<meta name=\"twitter:site\" content=\"@arionova_es\" \/>\n<script type=\"application\/ld+json\" class=\"yoast-schema-graph\">{\"@context\":\"https:\/\/schema.org\",\"@graph\":[{\"@type\":\"WebPage\",\"@id\":\"https:\/\/www.arionova.com\/fa\/es\/contacta-con-nosotras\/\",\"url\":\"https:\/\/www.arionova.com\/fa\/es\/contacta-con-nosotras\/\",\"name\":\"Informaci\u00f3n de contacto - Arionova\",\"isPartOf\":{\"@id\":\"https:\/\/www.arionova.com\/fa\/es\/#website\"},\"datePublished\":\"2022-09-18T05:23:13+00:00\",\"dateModified\":\"2025-10-03T15:12:08+00:00\",\"description\":\"Empresa oficial para servicios de visa, inmigraci\u00f3n, compra de propiedades y residencia, registrada en Espa\u00f1a, con oficina en Barcelona\",\"breadcrumb\":{\"@id\":\"https:\/\/www.arionova.com\/fa\/es\/contacta-con-nosotras\/#breadcrumb\"},\"inLanguage\":\"es\",\"potentialAction\":[{\"@type\":\"ReadAction\",\"target\":[\"https:\/\/www.arionova.com\/fa\/es\/contacta-con-nosotras\/\"]}]},{\"@type\":\"BreadcrumbList\",\"@id\":\"https:\/\/www.arionova.com\/fa\/es\/contacta-con-nosotras\/#breadcrumb\",\"itemListElement\":[{\"@type\":\"ListItem\",\"position\":1,\"name\":\"Home\",\"item\":\"https:\/\/www.arionova.com\/fa\/es\/\"},{\"@type\":\"ListItem\",\"position\":2,\"name\":\"Contacta con nosotras\"}]},{\"@type\":\"WebSite\",\"@id\":\"https:\/\/www.arionova.com\/fa\/es\/#website\",\"url\":\"https:\/\/www.arionova.com\/fa\/es\/\",\"name\":\"Arionova\",\"description\":\"Professional immigration and real estate services\",\"publisher\":{\"@id\":\"https:\/\/www.arionova.com\/fa\/es\/#organization\"},\"potentialAction\":[{\"@type\":\"SearchAction\",\"target\":{\"@type\":\"EntryPoint\",\"urlTemplate\":\"https:\/\/www.arionova.com\/fa\/es\/?s={search_term_string}\"},\"query-input\":\"required name=search_term_string\"}],\"inLanguage\":\"es\"},{\"@type\":\"Organization\",\"@id\":\"https:\/\/www.arionova.com\/fa\/es\/#organization\",\"name\":\"Arionova\",\"url\":\"https:\/\/www.arionova.com\/fa\/es\/\",\"logo\":{\"@type\":\"ImageObject\",\"inLanguage\":\"es\",\"@id\":\"https:\/\/www.arionova.com\/fa\/es\/#\/schema\/logo\/image\/\",\"url\":\"https:\/\/www.arionova.com\/wp-content\/uploads\/2023\/06\/arionova-logo-1200.png\",\"contentUrl\":\"https:\/\/www.arionova.com\/wp-content\/uploads\/2023\/06\/arionova-logo-1200.png\",\"width\":1200,\"height\":627,\"caption\":\"Arionova\"},\"image\":{\"@id\":\"https:\/\/www.arionova.com\/fa\/es\/#\/schema\/logo\/image\/\"},\"sameAs\":[\"https:\/\/x.com\/arionova_es\",\"https:\/\/www.instagram.com\/arionova.es\/\",\"https:\/\/wa.me\/34634837494\"]}]}<\/script>\n<!-- \/ Yoast SEO plugin. -->","yoast_head_json":{"title":"Informaci\u00f3n de contacto - Arionova","description":"Empresa oficial para servicios de visa, inmigraci\u00f3n, compra de propiedades y residencia, registrada en Espa\u00f1a, con oficina en Barcelona","robots":{"index":"index","follow":"follow","max-snippet":"max-snippet:-1","max-image-preview":"max-image-preview:large","max-video-preview":"max-video-preview:-1"},"canonical":"https:\/\/www.arionova.com\/fa\/es\/contacta-con-nosotras\/","og_locale":"es_ES","og_type":"article","og_title":"Informaci\u00f3n de contacto - Arionova","og_description":"Empresa oficial para servicios de visa, inmigraci\u00f3n, compra de propiedades y residencia, registrada en Espa\u00f1a, con oficina en Barcelona","og_url":"https:\/\/www.arionova.com\/fa\/es\/contacta-con-nosotras\/","og_site_name":"Arionova","article_modified_time":"2025-10-03T15:12:08+00:00","og_image":[{"width":1200,"height":627,"url":"https:\/\/www.arionova.com\/wp-content\/uploads\/2023\/06\/arionova-logo-1200.png","type":"image\/png"}],"twitter_card":"summary_large_image","twitter_site":"@arionova_es","schema":{"@context":"https:\/\/schema.org","@graph":[{"@type":"WebPage","@id":"https:\/\/www.arionova.com\/fa\/es\/contacta-con-nosotras\/","url":"https:\/\/www.arionova.com\/fa\/es\/contacta-con-nosotras\/","name":"Informaci\u00f3n de contacto - Arionova","isPartOf":{"@id":"https:\/\/www.arionova.com\/fa\/es\/#website"},"datePublished":"2022-09-18T05:23:13+00:00","dateModified":"2025-10-03T15:12:08+00:00","description":"Empresa oficial para servicios de visa, inmigraci\u00f3n, compra de propiedades y residencia, registrada en Espa\u00f1a, con oficina en Barcelona","breadcrumb":{"@id":"https:\/\/www.arionova.com\/fa\/es\/contacta-con-nosotras\/#breadcrumb"},"inLanguage":"es","potentialAction":[{"@type":"ReadAction","target":["https:\/\/www.arionova.com\/fa\/es\/contacta-con-nosotras\/"]}]},{"@type":"BreadcrumbList","@id":"https:\/\/www.arionova.com\/fa\/es\/contacta-con-nosotras\/#breadcrumb","itemListElement":[{"@type":"ListItem","position":1,"name":"Home","item":"https:\/\/www.arionova.com\/fa\/es\/"},{"@type":"ListItem","position":2,"name":"Contacta con nosotras"}]},{"@type":"WebSite","@id":"https:\/\/www.arionova.com\/fa\/es\/#website","url":"https:\/\/www.arionova.com\/fa\/es\/","name":"Arionova","description":"Professional immigration and real estate services","publisher":{"@id":"https:\/\/www.arionova.com\/fa\/es\/#organization"},"potentialAction":[{"@type":"SearchAction","target":{"@type":"EntryPoint","urlTemplate":"https:\/\/www.arionova.com\/fa\/es\/?s={search_term_string}"},"query-input":"required name=search_term_string"}],"inLanguage":"es"},{"@type":"Organization","@id":"https:\/\/www.arionova.com\/fa\/es\/#organization","name":"Arionova","url":"https:\/\/www.arionova.com\/fa\/es\/","logo":{"@type":"ImageObject","inLanguage":"es","@id":"https:\/\/www.arionova.com\/fa\/es\/#\/schema\/logo\/image\/","url":"https:\/\/www.arionova.com\/wp-content\/uploads\/2023\/06\/arionova-logo-1200.png","contentUrl":"https:\/\/www.arionova.com\/wp-content\/uploads\/2023\/06\/arionova-logo-1200.png","width":1200,"height":627,"caption":"Arionova"},"image":{"@id":"https:\/\/www.arionova.com\/fa\/es\/#\/schema\/logo\/image\/"},"sameAs":["https:\/\/x.com\/arionova_es","https:\/\/www.instagram.com\/arionova.es\/","https:\/\/wa.me\/34634837494"]}]}},"_links":{"self":[{"href":"https:\/\/www.arionova.com\/fa\/es\/wp-json\/wp\/v2\/pages\/32669","targetHints":{"allow":["GET"]}}],"collection":[{"href":"https:\/\/www.arionova.com\/fa\/es\/wp-json\/wp\/v2\/pages"}],"about":[{"href":"https:\/\/www.arionova.com\/fa\/es\/wp-json\/wp\/v2\/types\/page"}],"author":[{"embeddable":true,"href":"https:\/\/www.arionova.com\/fa\/es\/wp-json\/wp\/v2\/users\/1"}],"replies":[{"embeddable":true,"href":"https:\/\/www.arionova.com\/fa\/es\/wp-json\/wp\/v2\/comments?post=32669"}],"version-history":[{"count":3,"href":"https:\/\/www.arionova.com\/fa\/es\/wp-json\/wp\/v2\/pages\/32669\/revisions"}],"predecessor-version":[{"id":32679,"href":"https:\/\/www.arionova.com\/fa\/es\/wp-json\/wp\/v2\/pages\/32669\/revisions\/32679"}],"wp:attachment":[{"href":"https:\/\/www.arionova.com\/fa\/es\/wp-json\/wp\/v2\/media?parent=32669"}],"curies":[{"name":"wp","href":"https:\/\/api.w.org\/{rel}","templated":true}]}}